{"id":85,"date":"2017-09-11T08:49:33","date_gmt":"2017-09-11T08:49:33","guid":{"rendered":"http:\/\/test.netface.ro\/horvath1\/?page_id=85"},"modified":"2025-03-24T12:07:09","modified_gmt":"2025-03-24T10:07:09","slug":"rolunk","status":"publish","type":"page","link":"https:\/\/www.horvathservice.ro\/?page_id=85&lang=hu","title":{"rendered":"R\u00f3lunk"},"content":{"rendered":"<img loading=\"lazy\" decoding=\"async\" class=\"alignnone wp-image-86\" src=\"http:\/\/test.netface.ro\/horvath1\/wp-content\/uploads\/2017\/09\/banner-1-300x67.png\" alt=\"\" width=\"703\" height=\"158\" srcset=\"https:\/\/www.horvathservice.ro\/wp-content\/uploads\/2017\/09\/banner-1-300x67.png 300w, https:\/\/www.horvathservice.ro\/wp-content\/uploads\/2017\/09\/banner-1.png 570w\" sizes=\"auto, (max-width: 703px) 100vw, 703px\" \/>\n\n\n<div data-wp-interactive=\"core\/file\" class=\"wp-block-file\"><object data-wp-bind--hidden=\"!state.hasPdfPreview\" hidden class=\"wp-block-file__embed\" data=\"https:\/\/www.horvathservice.ro\/wp-content\/uploads\/2025\/03\/proiect-divizare-semnat-compr.pdf\" type=\"application\/pdf\" width=\"300\" height=\"150\" aria-label=\"\u00cenglobare pentru proiect divizare semnat compr.\" data-mce-fragment=\"1\"><\/object><a id=\"wp-block-file--media-e9bb8c45-78b1-4220-b343-1c7f24a13e64\" href=\"https:\/\/www.horvathservice.ro\/wp-content\/uploads\/2025\/03\/proiect-divizare-semnat-compr.pdf\">proiect divizare semnat compr<\/a><a class=\"wp-block-file__button wp-element-button\" href=\"https:\/\/www.horvathservice.ro\/wp-content\/uploads\/2025\/03\/proiect-divizare-semnat-compr.pdf\" download=\"\" aria-describedby=\"wp-block-file--media-e9bb8c45-78b1-4220-b343-1c7f24a13e64\">Descarc\u0103<\/a><\/div>\n\n<p lang=\"hu-HU\" align=\"CENTER\"><span style=\"font-family: Arial, sans-serif;\"><span style=\"font-size: medium;\"><i><b>Bemutatkoz\u00e1s<\/b><\/i><\/span><\/span><\/p>\n<p align=\"JUSTIFY\"><i><b> <\/b><\/i><span style=\"font-family: Arial, sans-serif;\"><span style=\"font-size: medium;\"><span lang=\"hu-HU\"><i>C\u00e9g\u00fcnk, Horv\u00e1th Attila c\u00e9gvezet\u0151, 1990- ben indul\u00f3 egy\u00e9ni v\u00e1llalkoz\u00e1s\u00e1b\u00f3l n\u0151tte ki mag\u00e1t. Egy\u00e9ni c\u00e9ge, 1994- ben alakult \u00e1t a Horvath Service KFT- v\u00e9. Egy\u00e9ni v\u00e1llalkoz\u00e1sk\u00e9nt a f\u0151 tev\u00e9kenys\u00e9g a kis kaz\u00e1nok, kaz\u00e1nh\u00e1zak szerv\u00edzel\u00e9se, automatiz\u00e1l\u00e1sa volt, amely a n\u00f6vekv\u0151 ig\u00e9ny k\u00f6vetkezt\u00e9ben egyre nagyobb v\u00e1llalkoz\u00e1ss\u00e1 n\u0151tte ki mag\u00e1t.<\/i><\/span><\/span><\/span><\/p>\n<p align=\"JUSTIFY\"><span style=\"font-family: Arial, sans-serif;\"><span style=\"font-size: medium;\"><span lang=\"hu-HU\"><i> Sz\u0151ke Barna m\u00e9rn\u00f6k t\u00e1rstulajdonosk\u00e9nt csatlakozott a c\u00e9ghez, \u00e9s \u00e1ltala b\u0151v\u00fclt a c\u00e9g tev\u00e9kenys\u00e9ge, m\u00e1r nem csak szerv\u00edzel\u00e9s volt a f\u0151 tev\u00e9kenys\u00e9g , hanem \u00e9p\u00fcletg\u00e9p\u00e9szeti munk\u00e1latokat is v\u00e1llaltunk \u00e9s egy a-z-ig \u00e9p\u00fcletg\u00e9p\u00e9szeti term\u00e9keket forgalmaz\u00f3, \u00fczletet is m\u00fck\u00f6dtett\u00fcnk.<\/i><\/span><\/span><\/span><\/p>\n<p align=\"JUSTIFY\"><span style=\"font-family: Arial, sans-serif;\"><span style=\"font-size: medium;\"><span lang=\"hu-HU\"><i> Az eltelt id\u0151k sor\u00e1n folyamatosan b\u0151v\u00fclt a c\u00e9g, \u00fagy az alkalmazottak sz\u00e1ma, mint az \u00fczlet, \u00e9s \u00fagy d\u00f6nt\u00f6tt\u00fcnk, hogy egy nagyobb telephelyet v\u00e1s\u00e1rolunk. 2015- ben egy 1100 m<\/i><\/span><\/span><\/span><span style=\"font-family: 'Calibri Light', sans-serif;\"><span style=\"font-size: large;\"><b><sup><span style=\"font-size: medium;\">2<\/span><\/sup><\/b><\/span><\/span><span style=\"font-family: 'Calibri Light', sans-serif;\"><span style=\"font-size: large;\"><b><span style=\"font-size: medium;\">&#8211; <\/span><\/b><\/span><\/span><span style=\"font-family: 'Calibri Light', sans-serif;\"><span style=\"font-size: large;\"><span style=\"font-family: Arial, sans-serif;\"><span style=\"font-size: medium;\">es<\/span><\/span><\/span><\/span> <span style=\"font-family: Arial, sans-serif;\"><span style=\"font-size: medium;\"><span lang=\"hu-HU\"><i>telket v\u00e1s\u00e1roltunk, ahol \u00fczlettel, irod\u00e1val \u00e9s rakt\u00e1rral rendelkez\u00fcnk.<\/i><\/span><\/span><\/span><b> <\/b><\/p>\n<p align=\"JUSTIFY\"><span style=\"font-family: 'Calibri Light', sans-serif;\"><span style=\"font-size: large;\"><span style=\"font-family: Arial, sans-serif;\"><span style=\"font-size: medium;\"><i>N\u00f6veked\u00e9s\u00fcnk, \u00fcgyfeleinknek ny\u00fajtott szolg\u00e1ltat\u00e1saink szinvonal\u00e1nak megtart\u00e1sa \u00e9s folyamatos fejl\u0151d\u00e9s\u00e9nek k\u00f6sz\u00f6nhet\u0151. <\/i><\/span><\/span><\/span><\/span><\/p>\n<p align=\"JUSTIFY\"><span style=\"font-family: 'Calibri Light', sans-serif;\"><span style=\"font-size: large;\"><span style=\"font-family: Arial, sans-serif;\"><span style=\"font-size: medium;\"><i>A Horvath Service <\/i><\/span><\/span><\/span><\/span><span style=\"font-family: 'Calibri Light', sans-serif;\"><span style=\"font-size: large;\"><span style=\"font-family: Arial, sans-serif;\"><span style=\"font-size: medium;\"><span lang=\"hu-HU\"><i>f\u0151 tev\u00e9kenys\u00e9ge a f\u0171t\u0151 \u00e9s melegv\u00edz k\u00e9sz\u00edt\u0151 berendez\u00e9sek, illetve a t\u0171zv\u00e9delmi rendszerek ki\u00e9p\u00edt\u00e9s\u00e9nek szaktan\u00e1csad\u00e1sa, kivitelez\u00e9se, szakszer\u0171 \u00fczembehelyez\u00e9se, karbantart\u00e1sa, garanci\u00e1lis \u00e9s garanci\u00e1n t\u00fali jav\u00edt\u00e1sa, a haszn\u00e1latukhoz sz\u00fcks\u00e9ges tan\u00e1csad\u00e1s, gyakorlott szakemberek seg\u00edts\u00e9g\u00e9vel. Koll\u00e9g\u00e1ink naprak\u00e9sz szak\u00e9rtelm\u00e9t, a forgalmaz\u00f3 c\u00e9gek \u00e1ltal szervezett szerv\u00edzoktat\u00e1sokon t\u00f6k\u00e9letes\u00edtik, ahol megismerhetik az \u00fajonnan forgalomba ker\u00fcl\u0151 k\u00e9sz\u00fcl\u00e9kek tipusait, azok tulajdons\u00e1gait \u00e9s a jav\u00edt\u00e1sukkal, szerv\u00edzel\u00e9s\u00fckkel, hibaelh\u00e1r\u00edt\u00e1sukkal kapcsolatos inform\u00e1ci\u00f3kat.<\/i><\/span><\/span><\/span><\/span><\/span><\/p>\n<p align=\"JUSTIFY\"><span style=\"font-family: 'Calibri Light', sans-serif;\"><span style=\"font-size: large;\"><span style=\"font-family: Arial, sans-serif;\"><span style=\"font-size: medium;\"><span lang=\"hu-HU\"><i>K\u00fcldet\u00e9s\u00fcnk, hogy minden egyes elv\u00e9gzett munk\u00e1nk \u00e9s referenci\u00e1nk, c\u00e9g\u00fcnk sikere is legyen. T\u00f6k\u00e9letess\u00e9gre t\u00f6reksz\u00fcnk \u00e9s arra, hogy az elv\u00e9gzett munka , mindk\u00e9t f\u00e9l el\u00e9gedetts\u00e9g\u00e9vel j\u00e1rjon. Munk\u00e1nk eredm\u00e9nyess\u00e9g\u00e9t bizony\u00edtja a visszat\u00e9r\u0151 mag\u00e1nszem\u00e9lyek, valamint int\u00e9zm\u00e9nyek megrendel\u00e9sei, sz\u00e1mos c\u00e9g \u00e9s k\u00f6zint\u00e9zm\u00e9ny \u00e9ves karbantart\u00e1si szerz\u0151d\u00e9se. Rem\u00e9lj\u00fck, hogy folyamatos fejl\u0151d\u00e9s\u00fcnkkel tov\u00e1bbra is magas sz\u00ednvonalon tudjuk kiel\u00e9g\u00edteni \u00fcgyfeleink ig\u00e9nyeit.<\/i><\/span><\/span><\/span><\/span><\/span><\/p>\n<p align=\"JUSTIFY\"><span style=\"font-family: 'Calibri Light', sans-serif;\"><span style=\"font-size: large;\"><span style=\"font-family: Arial, sans-serif;\"><span style=\"font-size: medium;\"><span lang=\"hu-HU\"><i>A rossz min\u0151s\u00e9g eml\u00e9ke sokkal tov\u00e1bb \u00e9l, mint az alacsony \u00e1r miatt \u00e9rzett r\u00f6vidke \u00f6r\u00f6m!!!<\/i><\/span><\/span><\/span><\/span><\/span><\/p>","protected":false},"excerpt":{"rendered":"<p>Bemutatkoz\u00e1s C\u00e9g\u00fcnk, Horv\u00e1th Attila c\u00e9gvezet\u0151, 1990- ben indul\u00f3 egy\u00e9ni v\u00e1llalkoz\u00e1s\u00e1b\u00f3l n\u0151tte ki mag\u00e1t. Egy\u00e9ni c\u00e9ge, 1994- ben alakult \u00e1t a Horvath Service KFT- v\u00e9. Egy\u00e9ni<\/p>\n<div class=\"read-more-wrapper\"><a class=\"link small\" href=\"https:\/\/www.horvathservice.ro\/?page_id=85&#038;lang=hu\" role=\"button\">Read more<span class=\"nc-icon-glyph arrows-1_bold-right\"><\/span><\/a><\/div>\n","protected":false},"author":1,"featured_media":0,"parent":0,"menu_order":0,"comment_status":"closed","ping_status":"open","template":"","meta":{"footnotes":""},"class_list":["post-85","page","type-page","status-publish","hentry"],"_links":{"self":[{"href":"https:\/\/www.horvathservice.ro\/index.php?rest_route=\/wp\/v2\/pages\/85","targetHints":{"allow":["GET"]}}],"collection":[{"href":"https:\/\/www.horvathservice.ro\/index.php?rest_route=\/wp\/v2\/pages"}],"about":[{"href":"https:\/\/www.horvathservice.ro\/index.php?rest_route=\/wp\/v2\/types\/page"}],"author":[{"embeddable":true,"href":"https:\/\/www.horvathservice.ro\/index.php?rest_route=\/wp\/v2\/users\/1"}],"replies":[{"embeddable":true,"href":"https:\/\/www.horvathservice.ro\/index.php?rest_route=%2Fwp%2Fv2%2Fcomments&post=85"}],"version-history":[{"count":4,"href":"https:\/\/www.horvathservice.ro\/index.php?rest_route=\/wp\/v2\/pages\/85\/revisions"}],"predecessor-version":[{"id":541,"href":"https:\/\/www.horvathservice.ro\/index.php?rest_route=\/wp\/v2\/pages\/85\/revisions\/541"}],"wp:attachment":[{"href":"https:\/\/www.horvathservice.ro\/index.php?rest_route=%2Fwp%2Fv2%2Fmedia&parent=85"}],"curies":[{"name":"wp","href":"https:\/\/api.w.org\/{rel}","templated":true}]}}