{"id":73,"date":"2017-09-11T08:09:13","date_gmt":"2017-09-11T08:09:13","guid":{"rendered":"http:\/\/test.netface.ro\/horvath1\/?page_id=73"},"modified":"2017-10-02T21:05:38","modified_gmt":"2017-10-02T19:05:38","slug":"kapcsolat","status":"publish","type":"page","link":"https:\/\/www.horvathservice.ro\/?page_id=73&lang=hu","title":{"rendered":"Kapcsolat"},"content":{"rendered":"<p><iframe loading=\"lazy\" src=\"https:\/\/www.google.com\/maps\/embed?pb=!1m18!1m12!1m3!1d7856.845664554328!2d25.78934368561603!3d45.87502227175385!2m3!1f0!2f0!3f0!3m2!1i1024!2i768!4f13.1!3m3!1m2!1s0x40b4a4b667109289%3A0x47dc77190cfed659!2sHorvath+Service!5e0!3m2!1sen!2sro!4v1504955835515\" width=\"600\" height=\"450\" frameborder=\"0\" allowfullscreen=\"allowfullscreen\" data-mce-fragment=\"1\"><\/iframe><\/p>\n<p>Horv\u00e1th M. Attila<\/p>\n<p>Tel.\/ Fax: 0267-316 208<br \/>\nMobil: 0728-085042<\/p>\n<p>Sf\u00e2ntu Gheorghe\u00a0520036<br \/>\nStrada Ciucului 130<br \/>\nJude\u021bul Covasna<\/p>\n<p><strong>\u00c1ltal\u00e1nos inform\u00e1ci\u00f3k<\/strong><br \/>\noffice@horvathservice.ro<\/p>\n<p><strong>Szerv\u00edz<\/strong><br \/>\nservice@horvathservice.ro<\/p>\n<p><strong>\u00dczlet<\/strong><br \/>\nmagazin@horvathservice.ro<\/p>\n<p><strong>Gazdas\u00e1gi inform\u00e1ci\u00f3k<\/strong><br \/>\ncontabilitate@horvathservice.ro<\/p>\n","protected":false},"excerpt":{"rendered":"<p>Horv\u00e1th M. Attila Tel.\/ Fax: 0267-316 208 Mobil: 0728-085042 Sf\u00e2ntu Gheorghe\u00a0520036 Strada Ciucului 130 Jude\u021bul Covasna \u00c1ltal\u00e1nos inform\u00e1ci\u00f3k office@horvathservice.ro Szerv\u00edz service@horvathservice.ro \u00dczlet magazin@horvathservice.ro Gazdas\u00e1gi inform\u00e1ci\u00f3k<\/p>\n<div class=\"read-more-wrapper\"><a class=\"link small\" href=\"https:\/\/www.horvathservice.ro\/?page_id=73&#038;lang=hu\" role=\"button\">Read more<span class=\"nc-icon-glyph arrows-1_bold-right\"><\/span><\/a><\/div>\n","protected":false},"author":1,"featured_media":0,"parent":0,"menu_order":0,"comment_status":"closed","ping_status":"closed","template":"","meta":{"footnotes":""},"class_list":["post-73","page","type-page","status-publish","hentry"],"_links":{"self":[{"href":"https:\/\/www.horvathservice.ro\/index.php?rest_route=\/wp\/v2\/pages\/73","targetHints":{"allow":["GET"]}}],"collection":[{"href":"https:\/\/www.horvathservice.ro\/index.php?rest_route=\/wp\/v2\/pages"}],"about":[{"href":"https:\/\/www.horvathservice.ro\/index.php?rest_route=\/wp\/v2\/types\/page"}],"author":[{"embeddable":true,"href":"https:\/\/www.horvathservice.ro\/index.php?rest_route=\/wp\/v2\/users\/1"}],"replies":[{"embeddable":true,"href":"https:\/\/www.horvathservice.ro\/index.php?rest_route=%2Fwp%2Fv2%2Fcomments&post=73"}],"version-history":[{"count":6,"href":"https:\/\/www.horvathservice.ro\/index.php?rest_route=\/wp\/v2\/pages\/73\/revisions"}],"predecessor-version":[{"id":214,"href":"https:\/\/www.horvathservice.ro\/index.php?rest_route=\/wp\/v2\/pages\/73\/revisions\/214"}],"wp:attachment":[{"href":"https:\/\/www.horvathservice.ro\/index.php?rest_route=%2Fwp%2Fv2%2Fmedia&parent=73"}],"curies":[{"name":"wp","href":"https:\/\/api.w.org\/{rel}","templated":true}]}}