{"id":2,"date":"2017-09-07T06:20:01","date_gmt":"2017-09-07T04:20:01","guid":{"rendered":"http:\/\/test.netface.ro\/horvath1\/?page_id=2"},"modified":"2025-03-11T11:08:09","modified_gmt":"2025-03-11T09:08:09","slug":"pagina-exemplu","status":"publish","type":"page","link":"https:\/\/www.horvathservice.ro\/","title":{"rendered":"Despre noi"},"content":{"rendered":"\n<figure class=\"wp-block-image size-full\"><img loading=\"lazy\" decoding=\"async\" width=\"300\" height=\"67\" src=\"https:\/\/www.horvathservice.ro\/wp-content\/uploads\/2025\/03\/banner-ro-300x67-3.png\" alt=\"banner\" class=\"wp-image-530\"\/><\/figure>\n\n\n\n<div data-wp-interactive=\"core\/file\" class=\"wp-block-file\"><object data-wp-bind--hidden=\"!state.hasPdfPreview\" hidden class=\"wp-block-file__embed\" data=\"https:\/\/www.horvathservice.ro\/wp-content\/uploads\/2025\/03\/proiect-divizare-semnat-compr.pdf\" type=\"application\/pdf\" style=\"width:100%;height:600px\" aria-label=\"\u00cenglobare pentru proiect divizare semnat compr.\"><\/object><a id=\"wp-block-file--media-e9bb8c45-78b1-4220-b343-1c7f24a13e64\" href=\"https:\/\/www.horvathservice.ro\/wp-content\/uploads\/2025\/03\/proiect-divizare-semnat-compr.pdf\">proiect divizare semnat compr<\/a><a href=\"https:\/\/www.horvathservice.ro\/wp-content\/uploads\/2025\/03\/proiect-divizare-semnat-compr.pdf\" class=\"wp-block-file__button wp-element-button\" download aria-describedby=\"wp-block-file--media-e9bb8c45-78b1-4220-b343-1c7f24a13e64\">Descarc\u0103<\/a><\/div>\n\n\n\n<p><span style=\"font-family: 'Calibri Light', sans-serif;\"><span style=\"font-size: large;\"><span style=\"font-family: Arial, sans-serif;\"><span style=\"font-size: medium;\"><span lang=\"hu-HU\"><i>&nbsp; &nbsp;Misiunea noastr\u0103: s\u0103 convertim lucrarile \u00eencheiate \u0219i referin\u021bele \u00een succese ale firmei. Tindem spre perfec\u021biune \u0219i satisfac\u021bia p\u0103r\u021bilor. Succesul activit\u0103\u021bii noastre este eviden\u021biat prin clien\u0219i recuren\u021bi si contractele anuale de \u00eentre\u021binere cu persoane fizice \u0219i institu\u021bii. Sper\u0103m c\u0103, odat\u0103 cu dezvoltarea noastr\u0103 continu\u0103, vom continua s\u0103 satisfacem nevoile clien\u021bilor no\u0219tri la standarde ridicate.<\/i><\/span><\/span><\/span><\/span><\/span><\/p>\n\n\n\n<p><span style=\"font-family: 'Calibri Light', sans-serif;\"><span style=\"font-size: large;\"><span style=\"font-family: Arial, sans-serif;\"><span style=\"font-size: medium;\"><span lang=\"hu-HU\"><i>&nbsp; &nbsp; &nbsp;Activitatea noastra pricipal\u0103 const\u0103 \u00een executarea, functionalizarea, mentenan\u021ba \u0219i revizia sistemelor de apa cald\u0103, a sistemelor de \u00eenc\u0103lzire \u0219i a sistemelor de protec\u021bie \u00eempotriva incendiilor, precum si consiliere \u00een aceste ramuri. <\/i><\/span><\/span><\/span><\/span><\/span><\/p>\n\n\n\n<p><span style=\"font-family: 'Calibri Light', sans-serif;\"><span style=\"font-size: large;\"><span style=\"font-family: Arial, sans-serif;\"><span style=\"font-size: medium;\"><span lang=\"hu-HU\"><i>&nbsp; &nbsp; &nbsp;Cuno\u0219tiin\u021bele \u0219i experien\u021ba colegilor este \u00een permanen\u021b\u0103 men\u021binut\u0103 de cursurile firmelor de specialitate, ce ne permite o abilitate de interven\u021bie prompt\u0103 \u0219i eficient\u0103.<\/i><\/span><\/span><\/span><\/span><\/span><\/p>\n","protected":false},"excerpt":{"rendered":"<p>&nbsp; &nbsp;Misiunea noastr\u0103: s\u0103 convertim lucrarile \u00eencheiate \u0219i referin\u021bele \u00een succese ale firmei. Tindem spre perfec\u021biune \u0219i satisfac\u021bia p\u0103r\u021bilor. Succesul activit\u0103\u021bii noastre este eviden\u021biat prin<\/p>\n<div class=\"read-more-wrapper\"><a class=\"link small\" href=\"https:\/\/www.horvathservice.ro\/\" role=\"button\">Read more<span class=\"nc-icon-glyph arrows-1_bold-right\"><\/span><\/a><\/div>\n","protected":false},"author":1,"featured_media":152,"parent":0,"menu_order":0,"comment_status":"closed","ping_status":"closed","template":"page-templates\/no-sidebar.php","meta":{"footnotes":""},"class_list":["post-2","page","type-page","status-publish","has-post-thumbnail","hentry"],"_links":{"self":[{"href":"https:\/\/www.horvathservice.ro\/index.php?rest_route=\/wp\/v2\/pages\/2","targetHints":{"allow":["GET"]}}],"collection":[{"href":"https:\/\/www.horvathservice.ro\/index.php?rest_route=\/wp\/v2\/pages"}],"about":[{"href":"https:\/\/www.horvathservice.ro\/index.php?rest_route=\/wp\/v2\/types\/page"}],"author":[{"embeddable":true,"href":"https:\/\/www.horvathservice.ro\/index.php?rest_route=\/wp\/v2\/users\/1"}],"replies":[{"embeddable":true,"href":"https:\/\/www.horvathservice.ro\/index.php?rest_route=%2Fwp%2Fv2%2Fcomments&post=2"}],"version-history":[{"count":65,"href":"https:\/\/www.horvathservice.ro\/index.php?rest_route=\/wp\/v2\/pages\/2\/revisions"}],"predecessor-version":[{"id":532,"href":"https:\/\/www.horvathservice.ro\/index.php?rest_route=\/wp\/v2\/pages\/2\/revisions\/532"}],"wp:featuredmedia":[{"embeddable":true,"href":"https:\/\/www.horvathservice.ro\/index.php?rest_route=\/wp\/v2\/media\/152"}],"wp:attachment":[{"href":"https:\/\/www.horvathservice.ro\/index.php?rest_route=%2Fwp%2Fv2%2Fmedia&parent=2"}],"curies":[{"name":"wp","href":"https:\/\/api.w.org\/{rel}","templated":true}]}}