{"id":124,"date":"2017-09-13T14:20:09","date_gmt":"2017-09-13T12:20:09","guid":{"rendered":"http:\/\/test.netface.ro\/horvath1\/?page_id=124"},"modified":"2017-10-02T09:50:25","modified_gmt":"2017-10-02T07:50:25","slug":"produse","status":"publish","type":"page","link":"https:\/\/www.horvathservice.ro\/?page_id=124","title":{"rendered":"Produse"},"content":{"rendered":"<p>\u00cen magazinul nostru de prezentare de pe strada ciucului Nr. 130, comercaliz\u0103m aproape toat\u0103 gama necesar\u0103 realiz\u0103rii sistemelor de ap\u0103 cald\u0103 \u0219i c\u0103ldur\u0103.<\/p>\n<p>[Best_Wordpress_Gallery id=&#8221;3&#8243; gal_title=&#8221;Prod&#8221;]<\/p>\n","protected":false},"excerpt":{"rendered":"<p>\u00cen magazinul nostru de prezentare de pe strada ciucului Nr. 130, comercaliz\u0103m aproape toat\u0103 gama necesar\u0103 realiz\u0103rii sistemelor de ap\u0103 cald\u0103 \u0219i c\u0103ldur\u0103. [Best_Wordpress_Gallery id=&#8221;3&#8243;<\/p>\n<div class=\"read-more-wrapper\"><a class=\"link small\" href=\"https:\/\/www.horvathservice.ro\/?page_id=124\" role=\"button\">Read more<span class=\"nc-icon-glyph arrows-1_bold-right\"><\/span><\/a><\/div>\n","protected":false},"author":1,"featured_media":0,"parent":0,"menu_order":0,"comment_status":"closed","ping_status":"closed","template":"","meta":{"footnotes":""},"class_list":["post-124","page","type-page","status-publish","hentry"],"_links":{"self":[{"href":"https:\/\/www.horvathservice.ro\/index.php?rest_route=\/wp\/v2\/pages\/124","targetHints":{"allow":["GET"]}}],"collection":[{"href":"https:\/\/www.horvathservice.ro\/index.php?rest_route=\/wp\/v2\/pages"}],"about":[{"href":"https:\/\/www.horvathservice.ro\/index.php?rest_route=\/wp\/v2\/types\/page"}],"author":[{"embeddable":true,"href":"https:\/\/www.horvathservice.ro\/index.php?rest_route=\/wp\/v2\/users\/1"}],"replies":[{"embeddable":true,"href":"https:\/\/www.horvathservice.ro\/index.php?rest_route=%2Fwp%2Fv2%2Fcomments&post=124"}],"version-history":[{"count":4,"href":"https:\/\/www.horvathservice.ro\/index.php?rest_route=\/wp\/v2\/pages\/124\/revisions"}],"predecessor-version":[{"id":203,"href":"https:\/\/www.horvathservice.ro\/index.php?rest_route=\/wp\/v2\/pages\/124\/revisions\/203"}],"wp:attachment":[{"href":"https:\/\/www.horvathservice.ro\/index.php?rest_route=%2Fwp%2Fv2%2Fmedia&parent=124"}],"curies":[{"name":"wp","href":"https:\/\/api.w.org\/{rel}","templated":true}]}}