{"id":110,"date":"2017-09-13T13:58:41","date_gmt":"2017-09-13T11:58:41","guid":{"rendered":"http:\/\/test.netface.ro\/horvath1\/?page_id=110"},"modified":"2017-09-13T13:58:41","modified_gmt":"2017-09-13T11:58:41","slug":"acreditive","status":"publish","type":"page","link":"https:\/\/www.horvathservice.ro\/?page_id=110","title":{"rendered":"Acreditive"},"content":{"rendered":"<div class=\"art-content-layout\">\n<div class=\"art-content-layout-row\">\n<div class=\"art-layout-cell layout-item-0\">\n<h4>Acreditive:<\/h4>\n<ul>\n<li>RSVTI<\/li>\n<li>RSL<\/li>\n<li>RSV<\/li>\n<li>RADTI<\/li>\n<li>ISO 9001<\/li>\n<li>ISO 14001<\/li>\n<li>ISO 18001<\/li>\n<li>Verificarea \u0219i \u00eentre\u021binerea sistemelor de protec\u021bie \u00eempotriva incendiilor<\/li>\n<\/ul>\n<\/div>\n<\/div>\n<\/div>\n<div class=\"art-content-layout\">\n<div class=\"art-content-layout-row\">\n<div class=\"art-layout-cell layout-item-0\">\n<p>Generalit\u0103\u021bi<\/p>\n<\/div>\n<div class=\"art-layout-cell\"><\/div>\n<\/div>\n<\/div>\n<div class=\"art-content-layout\">\n<div class=\"art-content-layout-row\">\n<div class=\"art-layout-cell layout-item-0\">\n<p class=\"Textbody\">Cerin\u021bele minime obligatorii privind instalarea, punerea \u00een func\u021biune, utilizarea, \u00eentre\u021binerea, repararea \u0219i verificarea tehnic\u0103 periodic\u0103 a echipamentelor ce intr\u0103 sub inciden\u021ba I.S.C.I.R. sunt grupate intr-un set de normative denumite Prescrip\u021bii Tehnice.\u00a0 Fiecare Prescrip\u021bie Tehnic\u0103 se aplic\u0103 unei grupe de echipamente care constructiv \u0219i func\u021bional sunt asem\u0103n\u0103toare.<\/p>\n<p>Conform Prescrip\u021biilor Tehnice lucr\u0103rile de: instalare, montare, punere \u00een func\u021biune, utilizare, intre\u021binere, reparare \u0219i verificare tehnic\u0103 periodic\u0103 trebuie s\u0103 fie executate de societ\u0103\u021bi autorizate de I.S.C.I.R.<\/p>\n<p class=\"Textbody\">Societatea Comercial\u0103\u00a0Horvath Service S.R.L<\/p>\n<\/div>\n<\/div>\n<\/div>\n<div class=\"art-content-layout\">\n<div class=\"art-content-layout-row\">\n<div class=\"art-layout-cell layout-item-0\">\n<p>Autoriza\u021bii I.S.C.I.R.:<\/p>\n<\/div>\n<div class=\"art-layout-cell\"><\/div>\n<\/div>\n<\/div>\n<div class=\"art-content-layout\">\n<div class=\"art-content-layout-row\">\n<div class=\"art-layout-cell layout-item-0\">\n<p><b>A. Conform PT A1 &#8211; 2010:<\/b><\/p>\n<\/div>\n<div class=\"art-layout-cell\"><\/div>\n<\/div>\n<\/div>\n<div class=\"art-content-layout\">\n<div class=\"art-content-layout-row\">\n<div class=\"art-layout-cell layout-item-0\">\n<p class=\"Textbody\">Domeniu de autorizare:<\/p>\n<ul>\n<li>Instalare<\/li>\n<li>Montare<\/li>\n<li>Reparare \u0219i \u00eentre\u021binere<\/li>\n<li>Verific\u0103ri tehnice \u00een utilizare<\/li>\n<\/ul>\n<p class=\"Textbody\">Echipamente:<\/p>\n<ul>\n<li>aparatele, cu puteri nominale P \u2264 400 kW utilizate pentru \u00eenc\u0103lzit, alimentate cu combustibil gazos sau lichid (Generatoare de aer cald, instante de preparare A.C.M., Tuburi radiante, Convectoare, Aparate de aer condi\u021bionat)<\/li>\n<li>cazanele de ap\u0103 cald\u0103, cu puteri nominale P \u2264 400 kW \u0219i temperatura maxim\u0103 a apei calde de cel mult 110\u00baC, alimentate cu combustibil gazos, lichid sau solid<\/li>\n<li>cazanele de abur de joasa presiune cu debitul nominal Q \u2264\u00a00,6 t\/h \u0219i\u00a0presiunea maxim\u0103 a aburului de cel mult 0,05 MPa (0,5 bar), alimentate cu\u00a0combustibil gazos, lichid sau solid<\/li>\n<\/ul>\n<\/div>\n<\/div>\n<\/div>\n<div class=\"art-content-layout\">\n<div class=\"art-content-layout-row\">\n<div class=\"art-layout-cell layout-item-0\">\n<p><b>B. Conform PT C2 &#8211; 2010:<\/b><\/p>\n<\/div>\n<div class=\"art-layout-cell\"><\/div>\n<\/div>\n<\/div>\n<div class=\"art-content-layout\">\n<div class=\"art-content-layout-row\">\n<div class=\"art-layout-cell layout-item-0\">\n<p class=\"Textbody\">Domeniu de autorizare:<\/p>\n<ul>\n<li>Instalare<\/li>\n<li>Montare<\/li>\n<li>Reparare \u0219i \u00eentre\u021binere<\/li>\n<li>Verific\u0103ri tehnice \u00een utilizare<\/li>\n<\/ul>\n<p>Echipamente:<\/p>\n<ul>\n<li>arz\u0103toare cu combustibil lichid sau gazos care echipeaz\u0103 instala\u021biile tehnologice (Instala\u021bii de uscat, Cuptoare)<\/li>\n<li>arz\u0103toare cu combustibil lichid sau gazos care echipeaz\u0103 aparate de \u00eenc\u0103lzit cu aer cald sau prin radia\u021bie, cu puterea nominal\u0103 P &gt; 400 kW (Generatoare de aer cald, Tuburi radiante, Aparate de aer condi\u021bionat)<\/li>\n<\/ul>\n<\/div>\n<\/div>\n<\/div>\n<div class=\"art-content-layout\">\n<div class=\"art-content-layout-row\">\n<div class=\"art-layout-cell layout-item-0\">\n<p><b>C. Conform PT C11 &#8211; 2010:<\/b><\/p>\n<\/div>\n<div class=\"art-layout-cell\"><\/div>\n<\/div>\n<\/div>\n<div class=\"art-content-layout\">\n<div class=\"art-content-layout-row\">\n<div class=\"art-layout-cell layout-item-0\">\n<p class=\"Textbody\">Domeniu de autorizare:<\/p>\n<ul>\n<li>Instalare<\/li>\n<li>Montare<\/li>\n<li>Reparare \u0219i \u00eentre\u021binere<\/li>\n<\/ul>\n<p class=\"Textbody\">Echipamente:<b><br \/>\n<\/b><\/p>\n<ul>\n<li>sisteme de ardere \u0219i de automatizare pentru:<\/li>\n<\/ul>\n<ol>\n<li>cazane de abur \u0219i cazane de ap\u0103 fierbinte<\/li>\n<li>cazane de ap\u0103 cald\u0103 cu puterea P &gt; 400kW \u0219i cazane de abur de joas\u0219\u00a0presiune cu debitul Q &gt; 0,6 t\/h<\/li>\n<\/ol>\n<ul>\n<li>instala\u00e2ii de automatizare aferente centralelor termice \u0219i instala\u021biilor\u00a0termomecanice anexe a cazanelor sisteme de automatizare noi care integreaz\u0103 sistemele individuale ale cazanelor \u0219i ale instala\u021biilor termomecanice anexe din centralele termice atunci c\u00e2nd nu sunt furnizate de produc\u0103torul cazanelor \u0219i\/sau echipamentelor<\/li>\n<li>modernizarea sistemelor de ardere \u0219i de automatizare ale cazanelor \u0219i\u00a0instala\u021biilor anexe din centralele termice aflate \u00een exploatare<\/li>\n<li>automatizarea centralelor termice \u0219i cazanelor aflate \u00een exploatare \u0219i care nu\u00a0sunt echipate cu sisteme de automatizare<\/li>\n<\/ul>\n<\/div>\n<\/div>\n<\/div>\n<div class=\"art-content-layout\">\n<div class=\"art-content-layout-row\">\n<div class=\"art-layout-cell layout-item-0\">\n<p><b>D. R.S.V.T.I. &#8211; Personal atestat Conform Ordinului Nr.333 din 2006<\/b><\/p>\n<\/div>\n<\/div>\n<\/div>\n<div class=\"art-content-layout\">\n<div class=\"art-content-layout-row\">\n<div class=\"art-layout-cell layout-item-0\">\n<p>Domeniu de autorizare:<\/p>\n<ul>\n<li>Supravegherea \u015fi verificarea echipamentelor\/instala\u0163iilor ISCIR din dotarea sau folosin\u0163a de\u0163in\u0103torilor\/utilizatorilor de instala\u0163ii ISCIR, \u00een conformitate cu prevederile prescrip\u0163iilor tehnice &#8211; colec\u0163ia ISCIR<\/li>\n<\/ul>\n<\/div>\n<\/div>\n<\/div>\n","protected":false},"excerpt":{"rendered":"<p>Acreditive: RSVTI RSL RSV RADTI ISO 9001 ISO 14001 ISO 18001 Verificarea \u0219i \u00eentre\u021binerea sistemelor de protec\u021bie \u00eempotriva incendiilor Generalit\u0103\u021bi Cerin\u021bele minime obligatorii privind instalarea,<\/p>\n<div class=\"read-more-wrapper\"><a class=\"link small\" href=\"https:\/\/www.horvathservice.ro\/?page_id=110\" role=\"button\">Read more<span class=\"nc-icon-glyph arrows-1_bold-right\"><\/span><\/a><\/div>\n","protected":false},"author":1,"featured_media":0,"parent":0,"menu_order":0,"comment_status":"closed","ping_status":"closed","template":"","meta":{"footnotes":""},"class_list":["post-110","page","type-page","status-publish","hentry"],"_links":{"self":[{"href":"https:\/\/www.horvathservice.ro\/index.php?rest_route=\/wp\/v2\/pages\/110","targetHints":{"allow":["GET"]}}],"collection":[{"href":"https:\/\/www.horvathservice.ro\/index.php?rest_route=\/wp\/v2\/pages"}],"about":[{"href":"https:\/\/www.horvathservice.ro\/index.php?rest_route=\/wp\/v2\/types\/page"}],"author":[{"embeddable":true,"href":"https:\/\/www.horvathservice.ro\/index.php?rest_route=\/wp\/v2\/users\/1"}],"replies":[{"embeddable":true,"href":"https:\/\/www.horvathservice.ro\/index.php?rest_route=%2Fwp%2Fv2%2Fcomments&post=110"}],"version-history":[{"count":1,"href":"https:\/\/www.horvathservice.ro\/index.php?rest_route=\/wp\/v2\/pages\/110\/revisions"}],"predecessor-version":[{"id":111,"href":"https:\/\/www.horvathservice.ro\/index.php?rest_route=\/wp\/v2\/pages\/110\/revisions\/111"}],"wp:attachment":[{"href":"https:\/\/www.horvathservice.ro\/index.php?rest_route=%2Fwp%2Fv2%2Fmedia&parent=110"}],"curies":[{"name":"wp","href":"https:\/\/api.w.org\/{rel}","templated":true}]}}