{"id":106,"date":"2017-09-13T13:56:34","date_gmt":"2017-09-13T11:56:34","guid":{"rendered":"http:\/\/test.netface.ro\/horvath1\/?page_id=106"},"modified":"2017-09-13T13:56:45","modified_gmt":"2017-09-13T11:56:45","slug":"servicii","status":"publish","type":"page","link":"https:\/\/www.horvathservice.ro\/?page_id=106","title":{"rendered":"Servicii"},"content":{"rendered":"<h4>Puneri \u00een func\u021biune<\/h4>\n<p>Execut\u0103m lucr\u0103ri de PUNERE \u00ceN FUNC\u021aIUNE \u0219i depanare \u00een perioada de garan\u021bie \u0219i postgaran\u021bie, pentru toate echipamentele comercializate prin intermediul magazinelor Romstal \u0219i nu numai.<\/p>\n<p>At\u00e2t pentru respectarea condi\u021biilor puse de produc\u0103tori \u00een vederea acord\u0103rii garan\u021biei echipamentelor, c\u00e2t \u0219i pentru respectarea legisla\u021biei \u00een vigoare privind autorizarea func\u021bion\u0103rii centralelor termice, suntem autoriza\u021bi pentru punerea \u00een func\u021biune. Firma noastr\u0103 \u00eendepline\u0219te aceste condi\u021bii \u0219i execut\u0103 aceast\u0103 opera\u021biune prompt \u0219i profesional prin intermediul personalului nostru de service.<\/p>\n<p>Garan\u021bia echipamentelor comercializate prin intermediul magazinelor Romstal, este stabilit\u0103 de c\u0103tre produc\u0103tor \u0219i asigurat\u0103 de Central Service Instal \u2013 Membru al Grupului Romstal.<\/p>\n<p><b>Service \u0219i Repara\u021bii<\/b><\/p>\n<p>Se pot executa revizii la cerere, \u00een afara contractelor de \u00eentre\u021binere pentru echipamente sanitare, termice \u0219i de climatizare, iar pre\u021burile se vor supune tarifelor de catalog, aferente perioadei de facturare.<\/p>\n<p>Asigur\u0103m interven\u021bii \/ repara\u021bii pentru toata gama de produse\u00a0termice \u0219i de climatizare, comercializate de c\u0103tre Grupul Romstal, dar \u0219i pentru orice alte echipamente similare, comercializate de al\u021bi produc\u0103tori sau furnizori.<\/p>\n<p>V\u0103 prezent\u0103m o parte din gama de produse, impicit produsele\u00a0<b>ARISTON<\/b>,\u00a0<b>VIESMANN<\/b>\u0219i\u00a0<b>BOSCH<\/b>, pentru care asigur\u0103m service:<\/p>\n<ul>\n<li>preparatoare instantanee de ap\u0103 cald\u0103 menajer\u0103 pe gaz<\/li>\n<li>microcentrale murale pe gaz cu flacara de veghe \u0219i tiraj natural<\/li>\n<li>microcentrale murale pe gaz cu ionizare \u0219i tiraj for\u021bat<\/li>\n<li>microcentrale murale electrice<\/li>\n<li>microcentrale murale \u00een condensa\u021bie<\/li>\n<li>centrale de pardoseal\u0103<\/li>\n<li>grupuri termice<\/li>\n<li>cazane din font\u0103 \u0219i o\u021bel (toata gama de puteri \u0219i tipuri de combustibil)<\/li>\n<li>cazane de abur<\/li>\n<li>generatoare de aer cald<\/li>\n<li>arz\u0103toare pentru combustibil lichid \u0219i gazos<\/li>\n<li>boilere (gaz, lemne, electrice)<\/li>\n<li>instala\u021bii de dedurizare<\/li>\n<li>aparate de condi\u021bionat, tip split<\/li>\n<li>chillere<\/li>\n<li>centrale de tratare aer<\/li>\n<li>pompe submersibile<\/li>\n<li>pompe hidrofor<\/li>\n<li>grupuri de pompare<\/li>\n<li>rooftop<\/li>\n<li>ventiloconvectoare<\/li>\n<li>vase tampon cu automatizare<\/li>\n<li>automatiz\u0103ri<\/li>\n<li>panouri solare<\/li>\n<\/ul>\n<p><strong>\u00cen cadrul contractelor de \u00eentre\u021binere se asigur\u0103<\/strong><\/p>\n<ul>\n<li>revizii anuale, pentru echipamentele termice<\/li>\n<li>gazanaliza\u00a0 GRATUIT (pentru consumatorii de gaz)<\/li>\n<li>interven\u021bii \/ repara\u021bii la pre\u021b promo\u021bional, pe toat\u0103 perioad\u0103 de valabilitate a contractului<\/li>\n<li>20% reducere la valoarea manoperei \u0219i a pieselor de schimb, pentru echipamentele contractate<\/li>\n<li>transport gratuit, supus condi\u021biilor contractuale<\/li>\n<\/ul>\n","protected":false},"excerpt":{"rendered":"<p>Puneri \u00een func\u021biune Execut\u0103m lucr\u0103ri de PUNERE \u00ceN FUNC\u021aIUNE \u0219i depanare \u00een perioada de garan\u021bie \u0219i postgaran\u021bie, pentru toate echipamentele comercializate prin intermediul magazinelor Romstal<\/p>\n<div class=\"read-more-wrapper\"><a class=\"link small\" href=\"https:\/\/www.horvathservice.ro\/?page_id=106\" role=\"button\">Read more<span class=\"nc-icon-glyph arrows-1_bold-right\"><\/span><\/a><\/div>\n","protected":false},"author":1,"featured_media":0,"parent":0,"menu_order":0,"comment_status":"closed","ping_status":"closed","template":"","meta":{"footnotes":""},"class_list":["post-106","page","type-page","status-publish","hentry"],"_links":{"self":[{"href":"https:\/\/www.horvathservice.ro\/index.php?rest_route=\/wp\/v2\/pages\/106","targetHints":{"allow":["GET"]}}],"collection":[{"href":"https:\/\/www.horvathservice.ro\/index.php?rest_route=\/wp\/v2\/pages"}],"about":[{"href":"https:\/\/www.horvathservice.ro\/index.php?rest_route=\/wp\/v2\/types\/page"}],"author":[{"embeddable":true,"href":"https:\/\/www.horvathservice.ro\/index.php?rest_route=\/wp\/v2\/users\/1"}],"replies":[{"embeddable":true,"href":"https:\/\/www.horvathservice.ro\/index.php?rest_route=%2Fwp%2Fv2%2Fcomments&post=106"}],"version-history":[{"count":1,"href":"https:\/\/www.horvathservice.ro\/index.php?rest_route=\/wp\/v2\/pages\/106\/revisions"}],"predecessor-version":[{"id":107,"href":"https:\/\/www.horvathservice.ro\/index.php?rest_route=\/wp\/v2\/pages\/106\/revisions\/107"}],"wp:attachment":[{"href":"https:\/\/www.horvathservice.ro\/index.php?rest_route=%2Fwp%2Fv2%2Fmedia&parent=106"}],"curies":[{"name":"wp","href":"https:\/\/api.w.org\/{rel}","templated":true}]}}